{"id":3713,"date":"2020-05-26T10:30:22","date_gmt":"2020-05-26T10:30:22","guid":{"rendered":"http:\/\/oardinadigital.com\/?page_id=3713"},"modified":"2022-04-30T20:32:01","modified_gmt":"2022-04-30T20:32:01","slug":"about-us","status":"publish","type":"page","link":"https:\/\/oardinadigital.com\/?page_id=3713","title":{"rendered":"Sobre n\u00f3s"},"content":{"rendered":"\t\t<div data-elementor-type=\"wp-page\" data-elementor-id=\"3713\" class=\"elementor elementor-3713\">\n\t\t\t\t\t\t<section class=\"elementor-section elementor-top-section elementor-element elementor-element-4aae4e4 elementor-section-boxed elementor-section-height-default elementor-section-height-default sc_fly_static\" data-id=\"4aae4e4\" data-element_type=\"section\" data-e-type=\"section\">\n\t\t\t\t\t\t<div class=\"elementor-container elementor-column-gap-extended\">\n\t\t\t\t\t<div class=\"elementor-column elementor-col-100 elementor-top-column elementor-element elementor-element-d0e4fe8 sc_inner_width_none sc_content_align_inherit sc_layouts_column_icons_position_left sc_fly_static\" data-id=\"d0e4fe8\" data-element_type=\"column\" data-e-type=\"column\">\n\t\t\t<div class=\"elementor-widget-wrap elementor-element-populated\">\n\t\t\t\t\t\t<div class=\"elementor-element elementor-element-964aa96 sc_height_huge sc_fly_static elementor-widget elementor-widget-spacer\" data-id=\"964aa96\" data-element_type=\"widget\" data-e-type=\"widget\" data-widget_type=\"spacer.default\">\n\t\t\t\t<div class=\"elementor-widget-container\">\n\t\t\t\t\t\t\t<div class=\"elementor-spacer\">\n\t\t\t<div class=\"elementor-spacer-inner\"><\/div>\n\t\t<\/div>\n\t\t\t\t\t\t<\/div>\n\t\t\t\t<\/div>\n\t\t\t\t\t<\/div>\n\t\t<\/div>\n\t\t\t\t\t<\/div>\n\t\t<\/section>\n\t\t\t\t<section class=\"elementor-section elementor-top-section elementor-element elementor-element-29ebf7e elementor-section-boxed elementor-section-height-default elementor-section-height-default sc_fly_static\" data-id=\"29ebf7e\" data-element_type=\"section\" data-e-type=\"section\">\n\t\t\t\t\t\t<div class=\"elementor-container elementor-column-gap-extended\">\n\t\t\t\t\t<div class=\"elementor-column elementor-col-100 elementor-top-column elementor-element elementor-element-1d863e9 sc_inner_width_none sc_content_align_inherit sc_layouts_column_icons_position_left sc_fly_static\" data-id=\"1d863e9\" data-element_type=\"column\" data-e-type=\"column\">\n\t\t\t<div class=\"elementor-widget-wrap elementor-element-populated\">\n\t\t\t\t\t\t<div class=\"elementor-element elementor-element-633568c sc_fly_static elementor-widget elementor-widget-trx_sc_title\" data-id=\"633568c\" data-element_type=\"widget\" data-e-type=\"widget\" data-widget_type=\"trx_sc_title.default\">\n\t\t\t\t<div class=\"elementor-widget-container\">\n\t\t\t\t\t<div\t\tclass=\"sc_title sc_title_accent\" ><h1 class=\"sc_item_title sc_title_title sc_align_center sc_item_title_style_accent sc_item_title_tag\"\n\t\t\t><span class=\"sc_item_title_text\">Nossa Miss\u00e3o<\/span><\/h1><div class=\"sc_item_descr sc_title_descr sc_align_center\"><p>Nossa miss\u00e3o \u00e9 deslocar produtos informativos, culturais, arquitect\u00f3nicos, e educativos em formato digital ou f\u00edsico at\u00e9 as m\u00e3os e ou domic\u00edlio dos internautas. Somos o ponto de encontro entre usu\u00e1rios de internet e a imprensa, arquitectos, editoras, bem como artistas dos pa\u00edses de l\u00edngua portuguesa, orientando o cumprimento da nossa miss\u00e3o em valores como a honestidade; reputa\u00e7\u00e3o; justi\u00e7a; simplicidade; verdade; qualidade; e excel\u00eancia.<\/p>\n<\/div><\/div>\t\t\t\t<\/div>\n\t\t\t\t<\/div>\n\t\t\t\t<div class=\"elementor-element elementor-element-5a5a651 sc_fly_static elementor-widget elementor-widget-spacer\" data-id=\"5a5a651\" data-element_type=\"widget\" data-e-type=\"widget\" data-widget_type=\"spacer.default\">\n\t\t\t\t<div class=\"elementor-widget-container\">\n\t\t\t\t\t\t\t<div class=\"elementor-spacer\">\n\t\t\t<div class=\"elementor-spacer-inner\"><\/div>\n\t\t<\/div>\n\t\t\t\t\t\t<\/div>\n\t\t\t\t<\/div>\n\t\t\t\t\t<\/div>\n\t\t<\/div>\n\t\t\t\t\t<\/div>\n\t\t<\/section>\n\t\t\t\t<section class=\"elementor-section elementor-top-section elementor-element elementor-element-e6bf122 scheme_default elementor-section-boxed elementor-section-height-default elementor-section-height-default sc_fly_static\" data-id=\"e6bf122\" data-element_type=\"section\" data-e-type=\"section\" data-settings=\"{&quot;background_background&quot;:&quot;classic&quot;}\">\n\t\t\t\t\t\t<div class=\"elementor-container elementor-column-gap-extended\">\n\t\t\t\t\t<div class=\"elementor-column elementor-col-100 elementor-top-column elementor-element elementor-element-8212fed sc_inner_width_none sc_content_align_inherit sc_layouts_column_icons_position_left sc_fly_static\" data-id=\"8212fed\" data-element_type=\"column\" data-e-type=\"column\">\n\t\t\t<div class=\"elementor-widget-wrap elementor-element-populated\">\n\t\t\t\t\t\t<section class=\"elementor-section elementor-inner-section elementor-element elementor-element-815be4e elementor-section-boxed elementor-section-height-default elementor-section-height-default sc_fly_static\" data-id=\"815be4e\" data-element_type=\"section\" data-e-type=\"section\">\n\t\t\t\t\t\t<div class=\"elementor-container elementor-column-gap-no\">\n\t\t\t\t\t<div class=\"elementor-column elementor-col-100 elementor-inner-column elementor-element elementor-element-aad75f0 sc_inner_width_none sc_content_align_inherit sc_layouts_column_icons_position_left sc_fly_static\" data-id=\"aad75f0\" data-element_type=\"column\" data-e-type=\"column\">\n\t\t\t<div class=\"elementor-widget-wrap elementor-element-populated\">\n\t\t\t\t\t\t<div class=\"elementor-element elementor-element-cc6ac0c sc_fly_static elementor-widget elementor-widget-trx_sc_icons\" data-id=\"cc6ac0c\" data-element_type=\"widget\" data-e-type=\"widget\" data-widget_type=\"trx_sc_icons.default\">\n\t\t\t\t<div class=\"elementor-widget-container\">\n\t\t\t\t\t<div \tclass=\"sc_icons sc_icons_default sc_icons_size_medium sc_align_center\" ><div class=\"sc_icons_columns_wrap sc_item_columns trx_addons_columns_wrap columns_padding_bottom columns_in_single_row\" ><div class=\"trx_addons_column-1_2\"><div class=\"sc_icons_item sc_icons_item_linked with_more\"><div class=\"sc_icons_icon sc_icon_type_ icon-icon1\" ><span class=\"sc_icon_type_ icon-icon1\"><\/span><\/div><div class=\"sc_icons_item_details\"><h4 class=\"sc_icons_item_title\"><a href=\"\/?product_cat=livro\">\r\n                                    Melhor Presente!                                    <\/a><\/h4><div class=\"sc_icons_item_description\"><span>Um livro ainda \u00e9 um dos melhores presentes<\/span><span>para qualquer pessoa em qualquer ocasi\u00e3o.<\/span><\/div><a href=\"\/?product_cat=livro\" class=\"sc_icons_item_more_link\">\r\n                        <span class=\"link_text\">Ver as op\u00e7\u00f5es<\/span><span class=\"link_icon\"><\/span>\r\n                        <\/a><a href=\"\/?product_cat=livro\"\r\n                        class=\"sc_icons_item_link\">\r\n                        <\/a><\/div><\/div><\/div><div class=\"trx_addons_column-1_2\"><div class=\"sc_icons_item sc_icons_item_linked with_more\"><div class=\"sc_icons_icon sc_icon_type_ icon-picture\" ><span class=\"sc_icon_type_ icon-picture\"><\/span><\/div><div class=\"sc_icons_item_details\"><h4 class=\"sc_icons_item_title\"><a href=\"\/?product_cat=desenho-de-retratos\">\r\n                                    Retrato - Presente Personalizado                                    <\/a><\/h4><div class=\"sc_icons_item_description\"><span>Encomenda retrato para oferecer \u00e0quela pessoa especial na sua vida. As telas ficam prontas em duas semanas e enviamos para todo pa\u00eds.<\/span><\/div><a href=\"\/?product_cat=desenho-de-retratos\" class=\"sc_icons_item_more_link\">\r\n                        <span class=\"link_text\">Encomendar<\/span><span class=\"link_icon\"><\/span>\r\n                        <\/a><a href=\"\/?product_cat=desenho-de-retratos\"\r\n                        class=\"sc_icons_item_link\">\r\n                        <\/a><\/div><\/div><\/div><\/div><\/div><!-- \/.sc_icons -->\t\t\t\t<\/div>\n\t\t\t\t<\/div>\n\t\t\t\t\t<\/div>\n\t\t<\/div>\n\t\t\t\t\t<\/div>\n\t\t<\/section>\n\t\t\t\t\t<\/div>\n\t\t<\/div>\n\t\t\t\t\t<\/div>\n\t\t<\/section>\n\t\t\t\t<\/div>\n\t\t","protected":false},"excerpt":{"rendered":"<p>Nossa Miss\u00e3o Nossa miss\u00e3o \u00e9 deslocar produtos informativos, culturais, arquitect\u00f3nicos, e educativos em formato digital ou f\u00edsico at\u00e9 as m\u00e3os e ou domic\u00edlio dos internautas. Somos o ponto de encontro&hellip;<\/p>\n","protected":false},"author":1,"featured_media":0,"parent":0,"menu_order":0,"comment_status":"closed","ping_status":"closed","template":"","meta":{"_price":"","_stock":"","_tribe_ticket_header":"","_tribe_default_ticket_provider":"","_tribe_ticket_capacity":"0","_ticket_start_date":"","_ticket_end_date":"","_tribe_ticket_show_description":"","_tribe_ticket_show_not_going":false,"_tribe_ticket_use_global_stock":"","_tribe_ticket_global_stock_level":"","_global_stock_mode":"","_global_stock_cap":"","_tribe_rsvp_for_event":"","_tribe_ticket_going_count":"","_tribe_ticket_not_going_count":"","_tribe_tickets_list":"[]","_tribe_ticket_has_attendee_info_fields":false,"footnotes":"","_tec_slr_enabled":"","_tec_slr_layout":""},"class_list":["post-3713","page","type-page","status-publish","hentry"],"ticketed":false,"_links":{"self":[{"href":"https:\/\/oardinadigital.com\/index.php?rest_route=\/wp\/v2\/pages\/3713","targetHints":{"allow":["GET"]}}],"collection":[{"href":"https:\/\/oardinadigital.com\/index.php?rest_route=\/wp\/v2\/pages"}],"about":[{"href":"https:\/\/oardinadigital.com\/index.php?rest_route=\/wp\/v2\/types\/page"}],"author":[{"embeddable":true,"href":"https:\/\/oardinadigital.com\/index.php?rest_route=\/wp\/v2\/users\/1"}],"replies":[{"embeddable":true,"href":"https:\/\/oardinadigital.com\/index.php?rest_route=%2Fwp%2Fv2%2Fcomments&post=3713"}],"version-history":[{"count":22,"href":"https:\/\/oardinadigital.com\/index.php?rest_route=\/wp\/v2\/pages\/3713\/revisions"}],"predecessor-version":[{"id":20555,"href":"https:\/\/oardinadigital.com\/index.php?rest_route=\/wp\/v2\/pages\/3713\/revisions\/20555"}],"wp:attachment":[{"href":"https:\/\/oardinadigital.com\/index.php?rest_route=%2Fwp%2Fv2%2Fmedia&parent=3713"}],"curies":[{"name":"wp","href":"https:\/\/api.w.org\/{rel}","templated":true}]}}