{"id":20060,"date":"2021-04-02T00:00:00","date_gmt":"2021-04-02T00:00:00","guid":{"rendered":"http:\/\/oardinadigital.com\/product\/akudzunissiwe-hosi-musica-de-dulce-martins-4\/"},"modified":"2023-09-18T22:00:55","modified_gmt":"2023-09-18T22:00:55","slug":"akudzunissiwe-hosi-musica-de-dulce-martins-4","status":"publish","type":"product","link":"https:\/\/oardinadigital.com\/?product=akudzunissiwe-hosi-musica-de-dulce-martins-4","title":{"rendered":"Akudzunissiwe Hosi &#8211; m\u00fasica de Dulce Martins"},"content":{"rendered":"<p style=\"text-align: justify;\">Depois de no seu primeiro trabalho ter nos trazido um ritmo calmo com t\u00edtulo <a href=\"http:\/\/oardinadigital.com\/?product=espirito-santo-musica-de-dulce-martins\">Esp\u00edrito Santo<\/a> (que \u00e9 a m\u00fasica mais vendida d\u02bcO Ardina Digital), Dulce Martins convida-nos, na sua segunda m\u00fasica, a um passo de dan\u00e7a exaltando as qualidades de Deus. O &#8220;single&#8221; est\u00e1 dispon\u00edvel gratuitamente mediante cadastro n\u02bcO Ardina Digital.<\/p>\n","protected":false},"excerpt":{"rendered":"<p style=\"text-align: justify;\">Depois de no seu primeiro trabalho ter nos trazido um ritmo calmo com t\u00edtulo <a href=\"https:\/\/oardinadigital.co.mz\/?product=espirito-santo-musica-de-dulce-martins\">Esp\u00edrito Santo<\/a> (que \u00e9 a m\u00fasica mais vendida d\u02bcO Ardina Digital), Dulce Martins convida-nos, na sua segunda m\u00fasica, a um passo de dan\u00e7a exaltando as qualidades de Deus. O &#8220;single&#8221; est\u00e1 dispon\u00edvel gratuitamente mediante cadastro n\u02bcO Ardina Digital.<\/p>\n","protected":false},"featured_media":19646,"comment_status":"closed","ping_status":"closed","template":"","meta":{"_price":"0","_stock":"","_tribe_ticket_header":"","_tribe_default_ticket_provider":"","_tribe_ticket_capacity":"3","_ticket_start_date":"","_ticket_end_date":"","_tribe_ticket_show_description":"","_tribe_ticket_show_not_going":false,"_tribe_ticket_use_global_stock":"","_tribe_ticket_global_stock_level":"","_global_stock_mode":"","_global_stock_cap":"","_tribe_rsvp_for_event":"","_tribe_ticket_going_count":"","_tribe_ticket_not_going_count":"","_tribe_tickets_list":"[]","_tribe_ticket_has_attendee_info_fields":false,"_tec_slr_enabled":"","_tec_slr_layout":""},"product_brand":[],"product_cat":[380,340],"product_tag":[465,366,466,467,371,382,386,377,468],"class_list":{"0":"post-20060","1":"product","2":"type-product","3":"status-publish","4":"has-post-thumbnail","6":"product_cat-gospel-classico","7":"product_cat-musica-crista","8":"product_tag-akudzunissiwe-hosi","9":"product_tag-deus","10":"product_tag-espirito-santo","11":"product_tag-exaltemos-ao-senhor","12":"product_tag-gospel","13":"product_tag-jesus-cristo","14":"product_tag-mocambique","15":"product_tag-musica-gospel","16":"product_tag-qualidades-de-deus","18":"first","19":"instock","20":"downloadable","21":"virtual","22":"purchasable","23":"product-type-simple"},"_links":{"self":[{"href":"https:\/\/oardinadigital.com\/index.php?rest_route=\/wp\/v2\/product\/20060","targetHints":{"allow":["GET"]}}],"collection":[{"href":"https:\/\/oardinadigital.com\/index.php?rest_route=\/wp\/v2\/product"}],"about":[{"href":"https:\/\/oardinadigital.com\/index.php?rest_route=\/wp\/v2\/types\/product"}],"replies":[{"embeddable":true,"href":"https:\/\/oardinadigital.com\/index.php?rest_route=%2Fwp%2Fv2%2Fcomments&post=20060"}],"wp:featuredmedia":[{"embeddable":true,"href":"https:\/\/oardinadigital.com\/index.php?rest_route=\/wp\/v2\/media\/19646"}],"wp:attachment":[{"href":"https:\/\/oardinadigital.com\/index.php?rest_route=%2Fwp%2Fv2%2Fmedia&parent=20060"}],"wp:term":[{"taxonomy":"product_brand","embeddable":true,"href":"https:\/\/oardinadigital.com\/index.php?rest_route=%2Fwp%2Fv2%2Fproduct_brand&post=20060"},{"taxonomy":"product_cat","embeddable":true,"href":"https:\/\/oardinadigital.com\/index.php?rest_route=%2Fwp%2Fv2%2Fproduct_cat&post=20060"},{"taxonomy":"product_tag","embeddable":true,"href":"https:\/\/oardinadigital.com\/index.php?rest_route=%2Fwp%2Fv2%2Fproduct_tag&post=20060"}],"curies":[{"name":"wp","href":"https:\/\/api.w.org\/{rel}","templated":true}]}}