{"id":20104,"date":"2021-08-31T00:00:00","date_gmt":"2021-08-31T00:00:00","guid":{"rendered":"http:\/\/oardinadigital.com\/product\/amigo-fiel-ep-de-dulce-martins\/"},"modified":"2023-09-16T08:57:09","modified_gmt":"2023-09-16T08:57:09","slug":"amigo-fiel-ep-de-dulce-martins","status":"publish","type":"product","link":"https:\/\/oardinadigital.com\/?product=amigo-fiel-ep-de-dulce-martins","title":{"rendered":"Amigo Fiel \u2013 EP de Dulce Martins"},"content":{"rendered":"<p style=\"text-align: justify;\">O trabalho intitulado \u201cAmigo fiel\u201d \u00e9 uma EP que esta sendo lan\u00e7ada por Dulce Martins. Esta colect\u00e2nea que vem para responder a necessidade do crente nos seus primeiros passos, conta com seis faixas, das quais duas j\u00e1 vinham sendo conhecidas (Esp\u00edrito Santo e Akudzunissiwe Hosi) pelos admiradores da Cantora.<!--more--><\/p>\n<p style=\"text-align: justify;\">Esta EP conta com temas como \u201cAmigo fiel\u201d, que d\u00e1 t\u00edtulo ao trabalho; \u201cUtsembekile (Yesu)\u201d; \u201cKupfumela\u201d; e \u201cLunguissa\u201d. S\u00e3o temas seleccionados para levar o crente a orar, adorar e louvar a Deus de forma profunda e quebrantada, assim como exaltar as qualidades divinas do Criador, criando uma atmosfera favor\u00e1vel para a presen\u00e7a de Deus a quem for escutar.<\/p>\n","protected":false},"excerpt":{"rendered":"<p style=\"text-align: justify;\">Esta EP conta com temas como \u201cAmigo fiel\u201d, que d\u00e1 t\u00edtulo ao trabalho; \u201cUtsembekile (Yesu)\u201d; \u201cKupfumela\u201d; e \u201cLunguissa\u201d. S\u00e3o temas seleccionados para levar o crente a orar, adorar e louvar a Deus de forma profunda e quebrantada, assim como exaltar as qualidades divinas do Criador, criando uma atmosfera favor\u00e1vel para a presen\u00e7a de Deus a quem for escutar.<\/p>\n","protected":false},"featured_media":20105,"comment_status":"closed","ping_status":"closed","template":"","meta":{"_price":"300","_stock":"","_tribe_ticket_header":"","_tribe_default_ticket_provider":"","_tribe_ticket_capacity":"0","_ticket_start_date":"","_ticket_end_date":"","_tribe_ticket_show_description":"","_tribe_ticket_show_not_going":false,"_tribe_ticket_use_global_stock":"","_tribe_ticket_global_stock_level":"","_global_stock_mode":"","_global_stock_cap":"","_tribe_rsvp_for_event":"","_tribe_ticket_going_count":"","_tribe_ticket_not_going_count":"","_tribe_tickets_list":"[]","_tribe_ticket_has_attendee_info_fields":false,"_tec_slr_enabled":"","_tec_slr_layout":""},"product_brand":[],"product_cat":[387,380,340],"product_tag":[465,414,466,416,371,491],"class_list":{"0":"post-20104","1":"product","2":"type-product","3":"status-publish","4":"has-post-thumbnail","6":"product_cat-adoracao-louvor","7":"product_cat-gospel-classico","8":"product_cat-musica-crista","9":"product_tag-akudzunissiwe-hosi","10":"product_tag-dulce-martins","11":"product_tag-espirito-santo","12":"product_tag-evangelho","13":"product_tag-gospel","14":"product_tag-musica-crista","16":"first","17":"instock","18":"downloadable","19":"virtual","20":"purchasable","21":"product-type-simple"},"_links":{"self":[{"href":"https:\/\/oardinadigital.com\/index.php?rest_route=\/wp\/v2\/product\/20104","targetHints":{"allow":["GET"]}}],"collection":[{"href":"https:\/\/oardinadigital.com\/index.php?rest_route=\/wp\/v2\/product"}],"about":[{"href":"https:\/\/oardinadigital.com\/index.php?rest_route=\/wp\/v2\/types\/product"}],"replies":[{"embeddable":true,"href":"https:\/\/oardinadigital.com\/index.php?rest_route=%2Fwp%2Fv2%2Fcomments&post=20104"}],"wp:featuredmedia":[{"embeddable":true,"href":"https:\/\/oardinadigital.com\/index.php?rest_route=\/wp\/v2\/media\/20105"}],"wp:attachment":[{"href":"https:\/\/oardinadigital.com\/index.php?rest_route=%2Fwp%2Fv2%2Fmedia&parent=20104"}],"wp:term":[{"taxonomy":"product_brand","embeddable":true,"href":"https:\/\/oardinadigital.com\/index.php?rest_route=%2Fwp%2Fv2%2Fproduct_brand&post=20104"},{"taxonomy":"product_cat","embeddable":true,"href":"https:\/\/oardinadigital.com\/index.php?rest_route=%2Fwp%2Fv2%2Fproduct_cat&post=20104"},{"taxonomy":"product_tag","embeddable":true,"href":"https:\/\/oardinadigital.com\/index.php?rest_route=%2Fwp%2Fv2%2Fproduct_tag&post=20104"}],"curies":[{"name":"wp","href":"https:\/\/api.w.org\/{rel}","templated":true}]}}