{"id":20989,"date":"2025-08-28T09:54:57","date_gmt":"2025-08-28T09:54:57","guid":{"rendered":"https:\/\/oardinadigital.com\/?post_type=product&#038;p=20989"},"modified":"2026-04-09T13:45:20","modified_gmt":"2026-04-09T13:45:20","slug":"duas-esferas-vermelhas-ebook-de-james-nungo","status":"publish","type":"product","link":"https:\/\/oardinadigital.com\/?product=duas-esferas-vermelhas-ebook-de-james-nungo","title":{"rendered":"Duas Esferas Vermelhas &#8211; ebook de James Nungo"},"content":{"rendered":"<p style=\"text-align: justify;\">Em \u201cDuas Esferas Vermelhas\u201d, James Nungo transporta-nos para uma aldeia marcada por mist\u00e9rios e for\u00e7as obscuras que transcendem a l\u00f3gica. Simon Jhallen, um ca\u00e7ador de entidades sobrenaturais, e L\u00fardio, o enterrador de mortos, veem-se envolvidos numa luta contra criaturas que desafiam a compreens\u00e3o humana \u2014 le\u00f5es sem carne, lobos corrompidos e pactos ancestrais que aprisionam gera\u00e7\u00f5es. Entre maldi\u00e7\u00f5es, perdas e segredos enterrados, a sobreviv\u00eancia passa por desvendar o que se esconde por tr\u00e1s dos olhos vermelhos que ardem como fogo na noite. Um thriller sombrio, intenso e carregado de simbolismo, que abre uma saga de suspense e terror sobrenatural.<\/p>\n","protected":false},"excerpt":{"rendered":"<p style=\"text-align: justify;\">\u201cDuas Esferas Vermelhas\u201d mergulha o leitor numa aldeia assombrada por for\u00e7as sobrenaturais, onde ca\u00e7adores, enterradores de mortos e anci\u00e3os enfrentam pactos ancestrais, maldi\u00e7\u00f5es e criaturas que desafiam a raz\u00e3o. Um thriller sombrio e envolvente que mistura mist\u00e9rio, suspense e feiti\u00e7aria, prendendo desde a primeira p\u00e1gina at\u00e9 ao \u00faltimo sopro de suspense.<\/p>\n","protected":false},"featured_media":20991,"comment_status":"open","ping_status":"closed","template":"","meta":{"_price":"70","_stock":"","_tribe_ticket_header":"","_tribe_default_ticket_provider":"","_tribe_ticket_capacity":"0","_ticket_start_date":"","_ticket_end_date":"","_tribe_ticket_show_description":"","_tribe_ticket_show_not_going":false,"_tribe_ticket_use_global_stock":"","_tribe_ticket_global_stock_level":"","_global_stock_mode":"","_global_stock_cap":"","_tribe_rsvp_for_event":"","_tribe_ticket_going_count":"","_tribe_ticket_not_going_count":"","_tribe_tickets_list":"[]","_tribe_ticket_has_attendee_info_fields":false,"_tec_slr_enabled":"","_tec_slr_layout":""},"product_brand":[],"product_cat":[408],"product_tag":[757,446,756,755,758],"class_list":{"0":"post-20989","1":"product","2":"type-product","3":"status-publish","4":"has-post-thumbnail","6":"product_cat-romance","7":"product_tag-esferas-vermelhas","8":"product_tag-james-nungo","9":"product_tag-leoes","10":"product_tag-sobrenaturais","11":"product_tag-thriller","13":"first","14":"instock","15":"downloadable","16":"virtual","17":"purchasable","18":"product-type-simple"},"_links":{"self":[{"href":"https:\/\/oardinadigital.com\/index.php?rest_route=\/wp\/v2\/product\/20989","targetHints":{"allow":["GET"]}}],"collection":[{"href":"https:\/\/oardinadigital.com\/index.php?rest_route=\/wp\/v2\/product"}],"about":[{"href":"https:\/\/oardinadigital.com\/index.php?rest_route=\/wp\/v2\/types\/product"}],"replies":[{"embeddable":true,"href":"https:\/\/oardinadigital.com\/index.php?rest_route=%2Fwp%2Fv2%2Fcomments&post=20989"}],"wp:featuredmedia":[{"embeddable":true,"href":"https:\/\/oardinadigital.com\/index.php?rest_route=\/wp\/v2\/media\/20991"}],"wp:attachment":[{"href":"https:\/\/oardinadigital.com\/index.php?rest_route=%2Fwp%2Fv2%2Fmedia&parent=20989"}],"wp:term":[{"taxonomy":"product_brand","embeddable":true,"href":"https:\/\/oardinadigital.com\/index.php?rest_route=%2Fwp%2Fv2%2Fproduct_brand&post=20989"},{"taxonomy":"product_cat","embeddable":true,"href":"https:\/\/oardinadigital.com\/index.php?rest_route=%2Fwp%2Fv2%2Fproduct_cat&post=20989"},{"taxonomy":"product_tag","embeddable":true,"href":"https:\/\/oardinadigital.com\/index.php?rest_route=%2Fwp%2Fv2%2Fproduct_tag&post=20989"}],"curies":[{"name":"wp","href":"https:\/\/api.w.org\/{rel}","templated":true}]}}