{"id":21009,"date":"2025-09-24T08:44:36","date_gmt":"2025-09-24T08:44:36","guid":{"rendered":"https:\/\/oardinadigital.com\/?post_type=product&#038;p=21009"},"modified":"2026-04-09T13:48:58","modified_gmt":"2026-04-09T13:48:58","slug":"jornal-evidencias-edicao-digital-no-227","status":"publish","type":"product","link":"https:\/\/oardinadigital.com\/?product=jornal-evidencias-edicao-digital-no-227","title":{"rendered":"Jornal Evid\u00eancias \u2013 edi\u00e7\u00e3o digital n\u00ba 227"},"content":{"rendered":"<p style=\"text-align: justify;\">Na edi\u00e7\u00e3o n\u00ba 227, o Evid\u00eancias coloca em destaque a ascens\u00e3o do ANAMOLA, movimento que, segundo Ros\u00e1rio Fernandes, ganha credibilidade e j\u00e1 atrai quadros seniores de partidos tradicionais como a Renamo e o MDM. A manchete revela que o partido poder\u00e1 seduzir mais dirigentes, entre eles figuras de peso que podem mudar o rumo do cen\u00e1rio pol\u00edtico. Quinito Vilanculos j\u00e1 declarou abertamente o seu apoio, gesto que irrita Ossufo Momade, enquanto Albano Carige tamb\u00e9m \u00e9 apontado como pr\u00f3ximo do movimento. A edi\u00e7\u00e3o aborda ainda a pol\u00e9mica em torno do Conselho Constitucional e o debate sobre se deve ou n\u00e3o pronunciar-se em determinadas mat\u00e9rias, mantendo vivo o escrut\u00ednio \u00e0s institui\u00e7\u00f5es.<\/p>\n","protected":false},"excerpt":{"rendered":"<p style=\"text-align: justify;\">A nova edi\u00e7\u00e3o do Evid\u00eancias traz revela\u00e7\u00f5es que agitam o xadrez pol\u00edtico nacional, com figuras seniores dos partidos tradicionais a declararem simpatia pelo ANAMOLA. Um jornal que vai al\u00e9m da superf\u00edcie, expondo tens\u00f5es, dilemas e contradi\u00e7\u00f5es que marcam o momento pol\u00edtico e social de Mo\u00e7ambique.<\/p>\n","protected":false},"featured_media":21012,"comment_status":"open","ping_status":"closed","template":"","meta":{"_price":"80","_stock":"","_tribe_ticket_header":"","_tribe_default_ticket_provider":"","_tribe_ticket_capacity":"0","_ticket_start_date":"","_ticket_end_date":"","_tribe_ticket_show_description":"","_tribe_ticket_show_not_going":false,"_tribe_ticket_use_global_stock":"","_tribe_ticket_global_stock_level":"","_global_stock_mode":"","_global_stock_cap":"","_tribe_rsvp_for_event":"","_tribe_ticket_going_count":"","_tribe_ticket_not_going_count":"","_tribe_tickets_list":"[]","_tribe_ticket_has_attendee_info_fields":false,"_tec_slr_enabled":"","_tec_slr_layout":""},"product_brand":[],"product_cat":[740],"product_tag":[748,747,766,765,767],"class_list":{"0":"post-21009","1":"product","2":"type-product","3":"status-publish","4":"has-post-thumbnail","6":"product_cat-evidencias","7":"product_tag-anamola","8":"product_tag-evidencias","9":"product_tag-mdm","10":"product_tag-renamo","11":"product_tag-rosario-fernandes","13":"first","14":"instock","15":"downloadable","16":"virtual","17":"purchasable","18":"product-type-simple"},"_links":{"self":[{"href":"https:\/\/oardinadigital.com\/index.php?rest_route=\/wp\/v2\/product\/21009","targetHints":{"allow":["GET"]}}],"collection":[{"href":"https:\/\/oardinadigital.com\/index.php?rest_route=\/wp\/v2\/product"}],"about":[{"href":"https:\/\/oardinadigital.com\/index.php?rest_route=\/wp\/v2\/types\/product"}],"replies":[{"embeddable":true,"href":"https:\/\/oardinadigital.com\/index.php?rest_route=%2Fwp%2Fv2%2Fcomments&post=21009"}],"wp:featuredmedia":[{"embeddable":true,"href":"https:\/\/oardinadigital.com\/index.php?rest_route=\/wp\/v2\/media\/21012"}],"wp:attachment":[{"href":"https:\/\/oardinadigital.com\/index.php?rest_route=%2Fwp%2Fv2%2Fmedia&parent=21009"}],"wp:term":[{"taxonomy":"product_brand","embeddable":true,"href":"https:\/\/oardinadigital.com\/index.php?rest_route=%2Fwp%2Fv2%2Fproduct_brand&post=21009"},{"taxonomy":"product_cat","embeddable":true,"href":"https:\/\/oardinadigital.com\/index.php?rest_route=%2Fwp%2Fv2%2Fproduct_cat&post=21009"},{"taxonomy":"product_tag","embeddable":true,"href":"https:\/\/oardinadigital.com\/index.php?rest_route=%2Fwp%2Fv2%2Fproduct_tag&post=21009"}],"curies":[{"name":"wp","href":"https:\/\/api.w.org\/{rel}","templated":true}]}}