{"id":21056,"date":"2025-11-11T09:56:18","date_gmt":"2025-11-11T09:56:18","guid":{"rendered":"https:\/\/oardinadigital.com\/?post_type=product&#038;p=21056"},"modified":"2026-04-09T13:49:33","modified_gmt":"2026-04-09T13:49:33","slug":"jornal-evidencias-edicao-digital-no-234","status":"publish","type":"product","link":"https:\/\/oardinadigital.com\/?product=jornal-evidencias-edicao-digital-no-234","title":{"rendered":"Jornal Evid\u00eancias \u2013 edi\u00e7\u00e3o digital n\u00ba 234"},"content":{"rendered":"<p style=\"text-align: justify;\">A edi\u00e7\u00e3o n\u00ba 234 do jornal Evid\u00eancias, de 11 de Novembro de 2025, destaca na manchete principal o conflito interno envolvendo figuras do partido PODEMOS. A capa aborda acusa\u00e7\u00f5es de incumprimento de acordos e poss\u00edveis mudan\u00e7as na bancada do partido na Assembleia da Rep\u00fablica, a meio do mandato.<\/p>\n<p style=\"text-align: justify;\">Em destaque superior, a an\u00e1lise ao PESOE 2026, com enfoque nos cortes or\u00e7amentais para Sa\u00fade, Agricultura e Defesa, contrastando com o aumento de recursos destinados \u00e0 Seguran\u00e7a e Ordem P\u00fablica.<\/p>\n<p style=\"text-align: justify;\">Outro tema relevante na capa \u00e9 o in\u00edcio da disputa interna para as elei\u00e7\u00f5es na C\u00e2mara de Com\u00e9rcio de Mo\u00e7ambique, onde duas figuras s\u00e3o acusadas de influenciar o processo eleitoral para manter o controlo institucional.\u00a0A\u00a0edi\u00e7\u00e3o traz ainda notas adicionais sobre alian\u00e7as pol\u00edticas, disputas judiciais e movimenta\u00e7\u00f5es estrat\u00e9gicas com impacto directo na governa\u00e7\u00e3o e na economia.<\/p>\n","protected":false},"excerpt":{"rendered":"<p style=\"text-align: justify;\">Esta edi\u00e7\u00e3o do Evid\u00eancias exp\u00f5e um dos maiores conflitos dentro do PODEMOS, com acusa\u00e7\u00f5es de ruptura de acordos e amea\u00e7a de divis\u00e3o da bancada no Parlamento. Documentos, posi\u00e7\u00f5es contradit\u00f3rias e vers\u00f5es exclusivas de cada lado \u2014 tudo nesta edi\u00e7\u00e3o.<\/p>\n","protected":false},"featured_media":21059,"comment_status":"open","ping_status":"closed","template":"","meta":{"_price":"80","_stock":"","_tribe_ticket_header":"","_tribe_default_ticket_provider":"","_tribe_ticket_capacity":"0","_ticket_start_date":"","_ticket_end_date":"","_tribe_ticket_show_description":"","_tribe_ticket_show_not_going":false,"_tribe_ticket_use_global_stock":"","_tribe_ticket_global_stock_level":"","_global_stock_mode":"","_global_stock_cap":"","_tribe_rsvp_for_event":"","_tribe_ticket_going_count":"","_tribe_ticket_not_going_count":"","_tribe_tickets_list":"[]","_tribe_ticket_has_attendee_info_fields":false,"_tec_slr_enabled":"","_tec_slr_layout":""},"product_brand":[],"product_cat":[740],"product_tag":[747,395,790,789],"class_list":{"0":"post-21056","1":"product","2":"type-product","3":"status-publish","4":"has-post-thumbnail","6":"product_cat-evidencias","7":"product_tag-evidencias","8":"product_tag-jornal","9":"product_tag-pesoe","10":"product_tag-podemos","12":"first","13":"instock","14":"downloadable","15":"virtual","16":"purchasable","17":"product-type-simple"},"_links":{"self":[{"href":"https:\/\/oardinadigital.com\/index.php?rest_route=\/wp\/v2\/product\/21056","targetHints":{"allow":["GET"]}}],"collection":[{"href":"https:\/\/oardinadigital.com\/index.php?rest_route=\/wp\/v2\/product"}],"about":[{"href":"https:\/\/oardinadigital.com\/index.php?rest_route=\/wp\/v2\/types\/product"}],"replies":[{"embeddable":true,"href":"https:\/\/oardinadigital.com\/index.php?rest_route=%2Fwp%2Fv2%2Fcomments&post=21056"}],"wp:featuredmedia":[{"embeddable":true,"href":"https:\/\/oardinadigital.com\/index.php?rest_route=\/wp\/v2\/media\/21059"}],"wp:attachment":[{"href":"https:\/\/oardinadigital.com\/index.php?rest_route=%2Fwp%2Fv2%2Fmedia&parent=21056"}],"wp:term":[{"taxonomy":"product_brand","embeddable":true,"href":"https:\/\/oardinadigital.com\/index.php?rest_route=%2Fwp%2Fv2%2Fproduct_brand&post=21056"},{"taxonomy":"product_cat","embeddable":true,"href":"https:\/\/oardinadigital.com\/index.php?rest_route=%2Fwp%2Fv2%2Fproduct_cat&post=21056"},{"taxonomy":"product_tag","embeddable":true,"href":"https:\/\/oardinadigital.com\/index.php?rest_route=%2Fwp%2Fv2%2Fproduct_tag&post=21056"}],"curies":[{"name":"wp","href":"https:\/\/api.w.org\/{rel}","templated":true}]}}